{"id":13,"date":"2025-03-14T12:41:52","date_gmt":"2025-03-14T12:41:52","guid":{"rendered":"https:\/\/relaxed-burnell.82-223-70-185.plesk.page\/?page_id=13"},"modified":"2025-10-09T10:37:37","modified_gmt":"2025-10-09T10:37:37","slug":"quieres-ser-distribuidor","status":"publish","type":"page","link":"https:\/\/connect.lacolors.es\/","title":{"rendered":"\u00bfQUIERES SER DISTRIBUIDOR?"},"content":{"rendered":"\n\n<div class=\"wpcf7 no-js\" id=\"wpcf7-f6-o1\" lang=\"es-ES\" dir=\"ltr\" data-wpcf7-id=\"6\">\n<div class=\"screen-reader-response\"><p role=\"status\" aria-live=\"polite\" aria-atomic=\"true\"><\/p> <ul><\/ul><\/div>\n<form action=\"\/index.php?rest_route=%2Fwp%2Fv2%2Fpages%2F13#wpcf7-f6-o1\" method=\"post\" class=\"wpcf7-form init\" aria-label=\"Formulario de contacto\" novalidate=\"novalidate\" data-status=\"init\">\n<fieldset class=\"hidden-fields-container\"><input type=\"hidden\" name=\"_wpcf7\" value=\"6\" \/><input type=\"hidden\" name=\"_wpcf7_version\" value=\"6.1.5\" \/><input type=\"hidden\" name=\"_wpcf7_locale\" value=\"es_ES\" \/><input type=\"hidden\" name=\"_wpcf7_unit_tag\" value=\"wpcf7-f6-o1\" \/><input type=\"hidden\" name=\"_wpcf7_container_post\" value=\"0\" \/><input type=\"hidden\" name=\"_wpcf7_posted_data_hash\" value=\"\" \/>\n<\/fieldset>\n<div class=\"tercio\">\n\t<p><span class=\"wpcf7-form-control-wrap\" data-name=\"your-name\"><input size=\"40\" maxlength=\"400\" class=\"wpcf7-form-control wpcf7-text wpcf7-validates-as-required\" aria-required=\"true\" aria-invalid=\"false\" placeholder=\"Nombre*\" value=\"\" type=\"text\" name=\"your-name\" \/><\/span>\n\t<\/p>\n<\/div>\n<div class=\"tercio\">\n\t<p><span class=\"wpcf7-form-control-wrap\" data-name=\"your-company\"><input size=\"40\" maxlength=\"400\" class=\"wpcf7-form-control wpcf7-text wpcf7-validates-as-required\" aria-required=\"true\" aria-invalid=\"false\" placeholder=\"Empresa*\" value=\"\" type=\"text\" name=\"your-company\" \/><\/span>\n\t<\/p>\n<\/div>\n<div class=\"tercio last\">\n\t<p><span class=\"wpcf7-form-control-wrap\" data-name=\"tel-64\"><input size=\"40\" maxlength=\"400\" class=\"wpcf7-form-control wpcf7-tel wpcf7-validates-as-required wpcf7-text wpcf7-validates-as-tel\" aria-required=\"true\" aria-invalid=\"false\" placeholder=\"Tel\u00e9fono*\" value=\"\" type=\"tel\" name=\"tel-64\" \/><\/span>\n\t<\/p>\n<\/div>\n<div class=\"tercio\">\n\t<p><span class=\"wpcf7-form-control-wrap\" data-name=\"nif\"><input size=\"40\" maxlength=\"400\" class=\"wpcf7-form-control wpcf7-text wpcf7-validates-as-required\" aria-required=\"true\" aria-invalid=\"false\" placeholder=\"NIF\/CIF Registration*\" value=\"\" type=\"text\" name=\"nif\" \/><\/span>\n\t<\/p>\n<\/div>\n<div class=\"tercio\">\n\t<p><span class=\"wpcf7-form-control-wrap\" data-name=\"your-email\"><input size=\"40\" maxlength=\"400\" class=\"wpcf7-form-control wpcf7-email wpcf7-validates-as-required wpcf7-text wpcf7-validates-as-email\" aria-required=\"true\" aria-invalid=\"false\" placeholder=\"Email*\" value=\"\" type=\"email\" name=\"your-email\" \/><\/span>\n\t<\/p>\n<\/div>\n<div class=\"dostercios\">\n\t<p><span class=\"wpcf7-form-control-wrap\" data-name=\"actividad\"><textarea cols=\"40\" rows=\"10\" maxlength=\"2000\" class=\"wpcf7-form-control wpcf7-textarea\" aria-invalid=\"false\" placeholder=\"Cu\u00e9ntanos en qu\u00e9 est\u00e1s interesado\" name=\"actividad\"><\/textarea><\/span>\n\t<\/p>\n<\/div>\n<div class=\"tercio\">\n\t<div class=\"boton\">\n\t\t<p><label><input class=\"wpcf7-form-control wpcf7-submit has-spinner\" type=\"submit\" value=\"Enviar\" \/><\/label>\n\t\t<\/p>\n\t<\/div>\n\t<div class=\"datos\">\n\t\t<p><span class=\"wpcf7-form-control-wrap\" data-name=\"acceptance-897\"><span class=\"wpcf7-form-control wpcf7-acceptance\"><span class=\"wpcf7-list-item\"><label><input type=\"checkbox\" name=\"acceptance-897\" value=\"1\" aria-invalid=\"false\" \/><span class=\"wpcf7-list-item-label\">He le\u00eddo y acepto <a href=\"https:\/\/www.lacolors.es\/privacidad.html\" rel=\"nofollow\">la pol\u00edtica de privacidad.<\/a><\/span><\/label><\/span><\/span><\/span>\n\t\t<\/p>\n\t<\/div>\n<\/div><div class=\"wpcf7-response-output\" aria-hidden=\"true\"><\/div>\n<\/form>\n<\/div>\n\n\n\n\n<div class=\"vuelarriba\">\n    <p>o <a href=\"mailto:\"info@trendingcorporate.com\" class=\"contacta\">contacta<\/a> con nosotros<\/p>\n<\/div>\n","protected":false},"excerpt":{"rendered":"<p>o<\/p>\n","protected":false},"author":1,"featured_media":0,"parent":0,"menu_order":0,"comment_status":"closed","ping_status":"closed","template":"","meta":{"site-sidebar-layout":"default","site-content-layout":"","ast-site-content-layout":"","site-content-style":"default","site-sidebar-style":"default","ast-global-header-display":"","ast-banner-title-visibility":"","ast-main-header-display":"","ast-hfb-above-header-display":"","ast-hfb-below-header-display":"","ast-hfb-mobile-header-display":"","site-post-title":"","ast-breadcrumbs-content":"","ast-featured-img":"","footer-sml-layout":"","theme-transparent-header-meta":"","adv-header-id-meta":"","stick-header-meta":"","header-above-stick-meta":"","header-main-stick-meta":"","header-below-stick-meta":"","astra-migrate-meta-layouts":"default","ast-page-background-enabled":"default","ast-page-background-meta":{"desktop":{"background-color":"var(--ast-global-color-5)","background-image":"","background-repeat":"repeat","background-position":"center center","background-size":"auto","background-attachment":"scroll","background-type":"","background-media":"","overlay-type":"","overlay-color":"","overlay-opacity":"","overlay-gradient":""},"tablet":{"background-color":"","background-image":"","background-repeat":"repeat","background-position":"center center","background-size":"auto","background-attachment":"scroll","background-type":"","background-media":"","overlay-type":"","overlay-color":"","overlay-opacity":"","overlay-gradient":""},"mobile":{"background-color":"","background-image":"","background-repeat":"repeat","background-position":"center center","background-size":"auto","background-attachment":"scroll","background-type":"","background-media":"","overlay-type":"","overlay-color":"","overlay-opacity":"","overlay-gradient":""}},"ast-content-background-meta":{"desktop":{"background-color":"var(--ast-global-color-4)","background-image":"","background-repeat":"repeat","background-position":"center center","background-size":"auto","background-attachment":"scroll","background-type":"","background-media":"","overlay-type":"","overlay-color":"","overlay-opacity":"","overlay-gradient":""},"tablet":{"background-color":"var(--ast-global-color-4)","background-image":"","background-repeat":"repeat","background-position":"center center","background-size":"auto","background-attachment":"scroll","background-type":"","background-media":"","overlay-type":"","overlay-color":"","overlay-opacity":"","overlay-gradient":""},"mobile":{"background-color":"var(--ast-global-color-4)","background-image":"","background-repeat":"repeat","background-position":"center center","background-size":"auto","background-attachment":"scroll","background-type":"","background-media":"","overlay-type":"","overlay-color":"","overlay-opacity":"","overlay-gradient":""}},"footnotes":""},"class_list":["post-13","page","type-page","status-publish","hentry"],"yoast_head":"<!-- This site is optimized with the Yoast SEO plugin v26.7 - https:\/\/yoast.com\/wordpress\/plugins\/seo\/ -->\n<title>\u00bfQUIERES SER DISTRIBUIDOR? - connectlacolors<\/title>\n<meta name=\"robots\" content=\"index, follow, max-snippet:-1, max-image-preview:large, max-video-preview:-1\" \/>\n<link rel=\"canonical\" href=\"https:\/\/connect.lacolors.es\/\" \/>\n<meta property=\"og:locale\" content=\"es_ES\" \/>\n<meta property=\"og:type\" content=\"article\" \/>\n<meta property=\"og:title\" content=\"\u00bfQUIERES SER DISTRIBUIDOR? - connectlacolors\" \/>\n<meta property=\"og:description\" content=\"o\" \/>\n<meta property=\"og:url\" content=\"https:\/\/connect.lacolors.es\/\" \/>\n<meta property=\"og:site_name\" content=\"connectlacolors\" \/>\n<meta property=\"article:modified_time\" content=\"2025-10-09T10:37:37+00:00\" \/>\n<meta name=\"twitter:card\" content=\"summary_large_image\" \/>\n<meta name=\"twitter:label1\" content=\"Tiempo de lectura\" \/>\n\t<meta name=\"twitter:data1\" content=\"1 minuto\" \/>\n<script type=\"application\/ld+json\" class=\"yoast-schema-graph\">{\"@context\":\"https:\/\/schema.org\",\"@graph\":[{\"@type\":\"WebPage\",\"@id\":\"https:\/\/connect.lacolors.es\/\",\"url\":\"https:\/\/connect.lacolors.es\/\",\"name\":\"\u00bfQUIERES SER DISTRIBUIDOR? - connectlacolors\",\"isPartOf\":{\"@id\":\"https:\/\/connect.lacolors.es\/#website\"},\"datePublished\":\"2025-03-14T12:41:52+00:00\",\"dateModified\":\"2025-10-09T10:37:37+00:00\",\"breadcrumb\":{\"@id\":\"https:\/\/connect.lacolors.es\/#breadcrumb\"},\"inLanguage\":\"es\",\"potentialAction\":[{\"@type\":\"ReadAction\",\"target\":[\"https:\/\/connect.lacolors.es\/\"]}]},{\"@type\":\"BreadcrumbList\",\"@id\":\"https:\/\/connect.lacolors.es\/#breadcrumb\",\"itemListElement\":[{\"@type\":\"ListItem\",\"position\":1,\"name\":\"Portada\",\"item\":\"https:\/\/connect.lacolors.es\/\"},{\"@type\":\"ListItem\",\"position\":2,\"name\":\"\u00bfQUIERES SER DISTRIBUIDOR?\"}]},{\"@type\":\"WebSite\",\"@id\":\"https:\/\/connect.lacolors.es\/#website\",\"url\":\"https:\/\/connect.lacolors.es\/\",\"name\":\"Trending Corporate\",\"description\":\"\",\"publisher\":{\"@id\":\"https:\/\/connect.lacolors.es\/#organization\"},\"potentialAction\":[{\"@type\":\"SearchAction\",\"target\":{\"@type\":\"EntryPoint\",\"urlTemplate\":\"https:\/\/connect.lacolors.es\/?s={search_term_string}\"},\"query-input\":{\"@type\":\"PropertyValueSpecification\",\"valueRequired\":true,\"valueName\":\"search_term_string\"}}],\"inLanguage\":\"es\"},{\"@type\":\"Organization\",\"@id\":\"https:\/\/connect.lacolors.es\/#organization\",\"name\":\"Trending Corporate\",\"url\":\"https:\/\/connect.lacolors.es\/\",\"logo\":{\"@type\":\"ImageObject\",\"inLanguage\":\"es\",\"@id\":\"https:\/\/connect.lacolors.es\/#\/schema\/logo\/image\/\",\"url\":\"https:\/\/connect.lacolors.es\/wp-content\/uploads\/2025\/10\/cropped-L.A.-COLORS-logo_cuadrado-1.png\",\"contentUrl\":\"https:\/\/connect.lacolors.es\/wp-content\/uploads\/2025\/10\/cropped-L.A.-COLORS-logo_cuadrado-1.png\",\"width\":1561,\"height\":520,\"caption\":\"Trending Corporate\"},\"image\":{\"@id\":\"https:\/\/connect.lacolors.es\/#\/schema\/logo\/image\/\"}}]}<\/script>\n<!-- \/ Yoast SEO plugin. -->","yoast_head_json":{"title":"\u00bfQUIERES SER DISTRIBUIDOR? - connectlacolors","robots":{"index":"index","follow":"follow","max-snippet":"max-snippet:-1","max-image-preview":"max-image-preview:large","max-video-preview":"max-video-preview:-1"},"canonical":"https:\/\/connect.lacolors.es\/","og_locale":"es_ES","og_type":"article","og_title":"\u00bfQUIERES SER DISTRIBUIDOR? - connectlacolors","og_description":"o","og_url":"https:\/\/connect.lacolors.es\/","og_site_name":"connectlacolors","article_modified_time":"2025-10-09T10:37:37+00:00","twitter_card":"summary_large_image","twitter_misc":{"Tiempo de lectura":"1 minuto"},"schema":{"@context":"https:\/\/schema.org","@graph":[{"@type":"WebPage","@id":"https:\/\/connect.lacolors.es\/","url":"https:\/\/connect.lacolors.es\/","name":"\u00bfQUIERES SER DISTRIBUIDOR? - connectlacolors","isPartOf":{"@id":"https:\/\/connect.lacolors.es\/#website"},"datePublished":"2025-03-14T12:41:52+00:00","dateModified":"2025-10-09T10:37:37+00:00","breadcrumb":{"@id":"https:\/\/connect.lacolors.es\/#breadcrumb"},"inLanguage":"es","potentialAction":[{"@type":"ReadAction","target":["https:\/\/connect.lacolors.es\/"]}]},{"@type":"BreadcrumbList","@id":"https:\/\/connect.lacolors.es\/#breadcrumb","itemListElement":[{"@type":"ListItem","position":1,"name":"Portada","item":"https:\/\/connect.lacolors.es\/"},{"@type":"ListItem","position":2,"name":"\u00bfQUIERES SER DISTRIBUIDOR?"}]},{"@type":"WebSite","@id":"https:\/\/connect.lacolors.es\/#website","url":"https:\/\/connect.lacolors.es\/","name":"Trending Corporate","description":"","publisher":{"@id":"https:\/\/connect.lacolors.es\/#organization"},"potentialAction":[{"@type":"SearchAction","target":{"@type":"EntryPoint","urlTemplate":"https:\/\/connect.lacolors.es\/?s={search_term_string}"},"query-input":{"@type":"PropertyValueSpecification","valueRequired":true,"valueName":"search_term_string"}}],"inLanguage":"es"},{"@type":"Organization","@id":"https:\/\/connect.lacolors.es\/#organization","name":"Trending Corporate","url":"https:\/\/connect.lacolors.es\/","logo":{"@type":"ImageObject","inLanguage":"es","@id":"https:\/\/connect.lacolors.es\/#\/schema\/logo\/image\/","url":"https:\/\/connect.lacolors.es\/wp-content\/uploads\/2025\/10\/cropped-L.A.-COLORS-logo_cuadrado-1.png","contentUrl":"https:\/\/connect.lacolors.es\/wp-content\/uploads\/2025\/10\/cropped-L.A.-COLORS-logo_cuadrado-1.png","width":1561,"height":520,"caption":"Trending Corporate"},"image":{"@id":"https:\/\/connect.lacolors.es\/#\/schema\/logo\/image\/"}}]}},"_links":{"self":[{"href":"https:\/\/connect.lacolors.es\/index.php?rest_route=\/wp\/v2\/pages\/13","targetHints":{"allow":["GET"]}}],"collection":[{"href":"https:\/\/connect.lacolors.es\/index.php?rest_route=\/wp\/v2\/pages"}],"about":[{"href":"https:\/\/connect.lacolors.es\/index.php?rest_route=\/wp\/v2\/types\/page"}],"author":[{"embeddable":true,"href":"https:\/\/connect.lacolors.es\/index.php?rest_route=\/wp\/v2\/users\/1"}],"replies":[{"embeddable":true,"href":"https:\/\/connect.lacolors.es\/index.php?rest_route=%2Fwp%2Fv2%2Fcomments&post=13"}],"version-history":[{"count":6,"href":"https:\/\/connect.lacolors.es\/index.php?rest_route=\/wp\/v2\/pages\/13\/revisions"}],"predecessor-version":[{"id":533,"href":"https:\/\/connect.lacolors.es\/index.php?rest_route=\/wp\/v2\/pages\/13\/revisions\/533"}],"wp:attachment":[{"href":"https:\/\/connect.lacolors.es\/index.php?rest_route=%2Fwp%2Fv2%2Fmedia&parent=13"}],"curies":[{"name":"wp","href":"https:\/\/api.w.org\/{rel}","templated":true}]}}